{"id":12,"date":"2021-11-05T20:19:48","date_gmt":"2021-11-05T20:19:48","guid":{"rendered":"https:\/\/sandrapalma.com.mx\/?page_id=12"},"modified":"2021-11-23T21:13:43","modified_gmt":"2021-11-24T03:13:43","slug":"inspiracion","status":"publish","type":"page","link":"https:\/\/sandrapalma.com.mx\/?page_id=12","title":{"rendered":"Inspiraci\u00f3n"},"content":{"rendered":"\t\t<div data-elementor-type=\"wp-page\" data-elementor-id=\"12\" class=\"elementor elementor-12\" data-elementor-post-type=\"page\">\n\t\t\t\t\t\t<section class=\"elementor-section elementor-top-section elementor-element elementor-element-fb5cfcc elementor-section-full_width elementor-section-height-default elementor-section-height-default\" data-id=\"fb5cfcc\" data-element_type=\"section\">\n\t\t\t\t\t\t<div class=\"elementor-container elementor-column-gap-no\">\n\t\t\t\t\t<div class=\"elementor-column elementor-col-100 elementor-top-column elementor-element elementor-element-804eee6\" data-id=\"804eee6\" data-element_type=\"column\">\n\t\t\t<div class=\"elementor-widget-wrap elementor-element-populated\">\n\t\t\t\t\t\t<section class=\"elementor-section elementor-inner-section elementor-element elementor-element-5b5be64 elementor-section-full_width elementor-section-height-default elementor-section-height-default\" data-id=\"5b5be64\" data-element_type=\"section\">\n\t\t\t\t\t\t<div class=\"elementor-container elementor-column-gap-default\">\n\t\t\t\t\t<div class=\"elementor-column elementor-col-33 elementor-inner-column elementor-element elementor-element-de01280\" data-id=\"de01280\" data-element_type=\"column\">\n\t\t\t<div class=\"elementor-widget-wrap elementor-element-populated\">\n\t\t\t\t\t\t<div class=\"elementor-element elementor-element-1f17993 elementor-widget elementor-widget-image\" data-id=\"1f17993\" data-element_type=\"widget\" data-widget_type=\"image.default\">\n\t\t\t\t<div class=\"elementor-widget-container\">\n\t\t\t<style>\/*! elementor - v3.23.0 - 05-08-2024 *\/\n.elementor-widget-image{text-align:center}.elementor-widget-image a{display:inline-block}.elementor-widget-image a img[src$=\".svg\"]{width:48px}.elementor-widget-image img{vertical-align:middle;display:inline-block}<\/style>\t\t\t\t\t\t\t\t\t\t<img fetchpriority=\"high\" decoding=\"async\" width=\"663\" height=\"829\" src=\"https:\/\/sandrapalma.com.mx\/wp-content\/uploads\/2021\/11\/Inspiracion-SP1.jpg\" class=\"attachment-full size-full wp-image-198\" alt=\"\" srcset=\"https:\/\/sandrapalma.com.mx\/wp-content\/uploads\/2021\/11\/Inspiracion-SP1.jpg 663w, https:\/\/sandrapalma.com.mx\/wp-content\/uploads\/2021\/11\/Inspiracion-SP1-240x300.jpg 240w, https:\/\/sandrapalma.com.mx\/wp-content\/uploads\/2021\/11\/Inspiracion-SP1-10x12.jpg 10w\" sizes=\"(max-width: 663px) 100vw, 663px\" \/>\t\t\t\t\t\t\t\t\t\t\t\t\t<\/div>\n\t\t\t\t<\/div>\n\t\t\t\t\t<\/div>\n\t\t<\/div>\n\t\t\t\t<div class=\"elementor-column elementor-col-33 elementor-inner-column elementor-element elementor-element-e531164\" data-id=\"e531164\" data-element_type=\"column\">\n\t\t\t<div class=\"elementor-widget-wrap elementor-element-populated\">\n\t\t\t\t\t\t<div class=\"elementor-element elementor-element-6690973 elementor-widget elementor-widget-image\" data-id=\"6690973\" data-element_type=\"widget\" data-widget_type=\"image.default\">\n\t\t\t\t<div class=\"elementor-widget-container\">\n\t\t\t\t\t\t\t\t\t\t\t\t\t<img decoding=\"async\" width=\"1300\" height=\"1625\" src=\"https:\/\/sandrapalma.com.mx\/wp-content\/uploads\/2021\/11\/Inspiracion-SP.jpg\" class=\"attachment-full size-full wp-image-197\" alt=\"\" srcset=\"https:\/\/sandrapalma.com.mx\/wp-content\/uploads\/2021\/11\/Inspiracion-SP.jpg 1300w, https:\/\/sandrapalma.com.mx\/wp-content\/uploads\/2021\/11\/Inspiracion-SP-240x300.jpg 240w, https:\/\/sandrapalma.com.mx\/wp-content\/uploads\/2021\/11\/Inspiracion-SP-819x1024.jpg 819w, https:\/\/sandrapalma.com.mx\/wp-content\/uploads\/2021\/11\/Inspiracion-SP-768x960.jpg 768w, https:\/\/sandrapalma.com.mx\/wp-content\/uploads\/2021\/11\/Inspiracion-SP-1229x1536.jpg 1229w, https:\/\/sandrapalma.com.mx\/wp-content\/uploads\/2021\/11\/Inspiracion-SP-10x12.jpg 10w\" sizes=\"(max-width: 1300px) 100vw, 1300px\" \/>\t\t\t\t\t\t\t\t\t\t\t\t\t<\/div>\n\t\t\t\t<\/div>\n\t\t\t\t\t<\/div>\n\t\t<\/div>\n\t\t\t\t<div class=\"elementor-column elementor-col-33 elementor-inner-column elementor-element elementor-element-ea0d1ed\" data-id=\"ea0d1ed\" data-element_type=\"column\">\n\t\t\t<div class=\"elementor-widget-wrap elementor-element-populated\">\n\t\t\t\t\t\t<div class=\"elementor-element elementor-element-7d558da elementor-widget elementor-widget-text-editor\" data-id=\"7d558da\" data-element_type=\"widget\" data-widget_type=\"text-editor.default\">\n\t\t\t\t<div class=\"elementor-widget-container\">\n\t\t\t<style>\/*! elementor - v3.23.0 - 05-08-2024 *\/\n.elementor-widget-text-editor.elementor-drop-cap-view-stacked .elementor-drop-cap{background-color:#69727d;color:#fff}.elementor-widget-text-editor.elementor-drop-cap-view-framed .elementor-drop-cap{color:#69727d;border:3px solid;background-color:transparent}.elementor-widget-text-editor:not(.elementor-drop-cap-view-default) .elementor-drop-cap{margin-top:8px}.elementor-widget-text-editor:not(.elementor-drop-cap-view-default) .elementor-drop-cap-letter{width:1em;height:1em}.elementor-widget-text-editor .elementor-drop-cap{float:left;text-align:center;line-height:1;font-size:50px}.elementor-widget-text-editor .elementor-drop-cap-letter{display:inline-block}<\/style>\t\t\t\t<p>La inspiraci\u00f3n llega cuando hay algo que me emociona, puede ser una imagen, la m\u00fasica o una frase con la que conecto inmediatamente. Entre las im\u00e1genes que me atrapan hay tres en especial que siempre encuentran mi mirada para seguir observando detenidamente: los \u00e1rboles, las cortezas con tantos colores y texturas, con sus cicatrices que relatan su historia de vida, las ramas de formas caprichosas y las ra\u00edces curveadas aferr\u00e1ndose a su tierra. Las aves, esp\u00edritus libres que con sus plumas tan finas y exquisitas pueden ser capaces de alcanzar grandes alturas; me maravilla la arquitectura de sus nidos y los huevos que depositan en ellos: conf\u00edan su tesoro m\u00e1s preciado a un pu\u00f1ado de ramitas y barro. Y los listones de colores; en mi obra representan el hilo conductor de la vida, a veces flotando, otras tenso, desgastado, con nudos, de color brillante y tambi\u00e9n con sombras, roto abruptamente y despu\u00e9s remendado, deshilachado o curve\u00e1ndose glorioso con en el viento.<\/p>\t\t\t\t\t\t<\/div>\n\t\t\t\t<\/div>\n\t\t\t\t\t<\/div>\n\t\t<\/div>\n\t\t\t\t\t<\/div>\n\t\t<\/section>\n\t\t\t\t\t<\/div>\n\t\t<\/div>\n\t\t\t\t\t<\/div>\n\t\t<\/section>\n\t\t\t\t<\/div>\n\t\t","protected":false},"excerpt":{"rendered":"<p>La inspiraci\u00f3n llega cuando hay algo que me emociona, puede ser una imagen, la m\u00fasica o una frase con la que conecto inmediatamente. Entre las im\u00e1genes que me atrapan hay tres en especial que siempre encuentran mi mirada para seguir observando detenidamente: los \u00e1rboles, las cortezas con tantos colores y texturas, con sus cicatrices que [&hellip;]<\/p>\n","protected":false},"author":1,"featured_media":0,"parent":0,"menu_order":0,"comment_status":"closed","ping_status":"closed","template":"","meta":{"footnotes":""},"class_list":["post-12","page","type-page","status-publish","hentry"],"_links":{"self":[{"href":"https:\/\/sandrapalma.com.mx\/index.php?rest_route=\/wp\/v2\/pages\/12","targetHints":{"allow":["GET"]}}],"collection":[{"href":"https:\/\/sandrapalma.com.mx\/index.php?rest_route=\/wp\/v2\/pages"}],"about":[{"href":"https:\/\/sandrapalma.com.mx\/index.php?rest_route=\/wp\/v2\/types\/page"}],"author":[{"embeddable":true,"href":"https:\/\/sandrapalma.com.mx\/index.php?rest_route=\/wp\/v2\/users\/1"}],"replies":[{"embeddable":true,"href":"https:\/\/sandrapalma.com.mx\/index.php?rest_route=%2Fwp%2Fv2%2Fcomments&post=12"}],"version-history":[{"count":0,"href":"https:\/\/sandrapalma.com.mx\/index.php?rest_route=\/wp\/v2\/pages\/12\/revisions"}],"wp:attachment":[{"href":"https:\/\/sandrapalma.com.mx\/index.php?rest_route=%2Fwp%2Fv2%2Fmedia&parent=12"}],"curies":[{"name":"wp","href":"https:\/\/api.w.org\/{rel}","templated":true}]}}